{"id":13,"date":"2011-12-13T21:09:03","date_gmt":"2011-12-13T19:09:03","guid":{"rendered":"http:\/\/diycraiova.noblogs.org\/?page_id=13"},"modified":"2013-08-11T10:40:29","modified_gmt":"2013-08-11T07:40:29","slug":"despre-noi","status":"publish","type":"page","link":"https:\/\/diycraiova.noblogs.org\/?page_id=13","title":{"rendered":"Despre Noi"},"content":{"rendered":"<p><strong>Do-It-Yourself\u00a0Craiova.\u00a0Cine suntem?<\/strong><\/p>\n<p>1. Suntem un grup informal \u015fi independent; nu avem nicio legatur\u0103 cu vreun partid politic.<br \/>\n2. Suntem un grup non-ierarhic.<br \/>\n3. Suntem independen\u0163i din punct de vedere financiar \u015fi tot ceea ce facem aici este realizat cu propriile noastre resurse.<br \/>\n4. Am creat acest spa\u0163iu ca o alternativ\u0103 la societatea comercial\u0103 din prezent. suntem aici pentru a \u00eencuraja oamenii s\u0103 creeze, nu s\u0103 consume.<br \/>\n5. Vrem ca oamenii s\u0103 p\u0103r\u0103seasc\u0103 apatia lor \u015fi s\u0103 se al\u0103ture \u00een activit\u0103\u0163i sociale, culturale \u015fi politice comune, precum \u015fi \u00een discu\u0163ii despre problemele lor \u015fi ale societ\u0103\u0163ii. numai \u00eempreun\u0103 putem face o schimbare.<br \/>\n6. Acesta este un spa\u0163iu deschis pentru toat\u0103 lumea, \u00een care ideile diferite trebuie \u015fi pot veni \u00een contact.<br \/>\n7. Tot ce se \u00eent\u00e2mpl\u0103 aici se bazeaz\u0103 pe principiile urmatoare:<br \/>\n&#8211; Non-discriminarea oricui pe baz\u0103 de sex, etnie, orientare sexual\u0103 \u015fi religie;<br \/>\n&#8211; Tratarea cu respect reciproc a celorlal\u0163i;<br \/>\n&#8211; Cooperare, nu de concuren\u0163\u0103.<\/p>\n<p><a href=\"https:\/\/diycraiova.noblogs.org\/files\/2012\/03\/P3290526.jpg\"><img loading=\"lazy\" decoding=\"async\" src=\"https:\/\/diycraiova.noblogs.org\/files\/2012\/03\/P3290526-225x300.jpg\" alt=\"\" width=\"225\" height=\"300\" class=\"alignleft size-medium wp-image-172\" srcset=\"https:\/\/diycraiova.noblogs.org\/files\/2012\/03\/P3290526-225x300.jpg 225w, https:\/\/diycraiova.noblogs.org\/files\/2012\/03\/P3290526.jpg 713w\" sizes=\"auto, (max-width: 225px) 100vw, 225px\" \/><\/a><\/p>\n<p><a href=\"https:\/\/diycraiova.noblogs.org\/files\/2012\/03\/P3290509.jpg\"><img loading=\"lazy\" decoding=\"async\" src=\"https:\/\/diycraiova.noblogs.org\/files\/2012\/03\/P3290509-225x300.jpg\" alt=\"\" width=\"225\" height=\"300\" class=\"alignright size-medium wp-image-165\" srcset=\"https:\/\/diycraiova.noblogs.org\/files\/2012\/03\/P3290509-225x300.jpg 225w, https:\/\/diycraiova.noblogs.org\/files\/2012\/03\/P3290509.jpg 713w\" sizes=\"auto, (max-width: 225px) 100vw, 225px\" \/><\/a> <\/p>\n<p><a href=\"https:\/\/diycraiova.noblogs.org\/files\/2012\/03\/P3290525.jpg\"><img loading=\"lazy\" decoding=\"async\" src=\"https:\/\/diycraiova.noblogs.org\/files\/2012\/03\/P3290525-300x225.jpg\" alt=\"\" width=\"300\" height=\"225\" class=\"alignleft size-medium wp-image-171\" srcset=\"https:\/\/diycraiova.noblogs.org\/files\/2012\/03\/P3290525-300x225.jpg 300w, https:\/\/diycraiova.noblogs.org\/files\/2012\/03\/P3290525.jpg 950w\" sizes=\"auto, (max-width: 300px) 100vw, 300px\" \/><\/a><\/p>\n<p><a href=\"https:\/\/diycraiova.noblogs.org\/files\/2012\/03\/P3290523.jpg\"><img loading=\"lazy\" decoding=\"async\" src=\"https:\/\/diycraiova.noblogs.org\/files\/2012\/03\/P3290523-300x225.jpg\" alt=\"\" width=\"300\" height=\"225\" class=\"alignright size-medium wp-image-170\" srcset=\"https:\/\/diycraiova.noblogs.org\/files\/2012\/03\/P3290523-300x225.jpg 300w, https:\/\/diycraiova.noblogs.org\/files\/2012\/03\/P3290523.jpg 950w\" sizes=\"auto, (max-width: 300px) 100vw, 300px\" \/><\/a><\/p>\n<p><a href=\"https:\/\/diycraiova.noblogs.org\/files\/2012\/03\/P3290521.jpg\"><img loading=\"lazy\" decoding=\"async\" src=\"https:\/\/diycraiova.noblogs.org\/files\/2012\/03\/P3290521-300x225.jpg\" alt=\"\" width=\"300\" height=\"225\" class=\"aligncenter size-medium wp-image-169\" srcset=\"https:\/\/diycraiova.noblogs.org\/files\/2012\/03\/P3290521-300x225.jpg 300w, https:\/\/diycraiova.noblogs.org\/files\/2012\/03\/P3290521.jpg 950w\" sizes=\"auto, (max-width: 300px) 100vw, 300px\" \/><\/a><\/p>\n","protected":false},"excerpt":{"rendered":"<p>Do-It-Yourself\u00a0Craiova.\u00a0Cine suntem? 1. Suntem un grup informal \u015fi independent; nu avem nicio legatur\u0103 cu vreun partid politic. 2. Suntem un grup non-ierarhic. 3. Suntem independen\u0163i din punct de vedere financiar \u015fi tot ceea ce facem aici este realizat cu propriile &hellip; <a href=\"https:\/\/diycraiova.noblogs.org\/?page_id=13\">Continue reading <span class=\"meta-nav\">&rarr;<\/span><\/a><\/p>\n","protected":false},"author":4607,"featured_media":0,"parent":0,"menu_order":0,"comment_status":"open","ping_status":"open","template":"","meta":{"footnotes":""},"class_list":["post-13","page","type-page","status-publish","hentry"],"_links":{"self":[{"href":"https:\/\/diycraiova.noblogs.org\/index.php?rest_route=\/wp\/v2\/pages\/13","targetHints":{"allow":["GET"]}}],"collection":[{"href":"https:\/\/diycraiova.noblogs.org\/index.php?rest_route=\/wp\/v2\/pages"}],"about":[{"href":"https:\/\/diycraiova.noblogs.org\/index.php?rest_route=\/wp\/v2\/types\/page"}],"author":[{"embeddable":true,"href":"https:\/\/diycraiova.noblogs.org\/index.php?rest_route=\/wp\/v2\/users\/4607"}],"replies":[{"embeddable":true,"href":"https:\/\/diycraiova.noblogs.org\/index.php?rest_route=%2Fwp%2Fv2%2Fcomments&post=13"}],"version-history":[{"count":7,"href":"https:\/\/diycraiova.noblogs.org\/index.php?rest_route=\/wp\/v2\/pages\/13\/revisions"}],"predecessor-version":[{"id":395,"href":"https:\/\/diycraiova.noblogs.org\/index.php?rest_route=\/wp\/v2\/pages\/13\/revisions\/395"}],"wp:attachment":[{"href":"https:\/\/diycraiova.noblogs.org\/index.php?rest_route=%2Fwp%2Fv2%2Fmedia&parent=13"}],"curies":[{"name":"wp","href":"https:\/\/api.w.org\/{rel}","templated":true}]}}